{"id":27884,"date":"2025-09-15T08:00:59","date_gmt":"2025-09-15T06:00:59","guid":{"rendered":"https:\/\/www.vitadeco.com\/?post_type=product&#038;p=27884"},"modified":"2025-09-08T16:10:39","modified_gmt":"2025-09-08T14:10:39","slug":"bar-haut-industriel","status":"publish","type":"product","link":"https:\/\/www.vitadeco.com\/en\/produits\/mobilier\/bar-haut-industriel\/","title":{"rendered":"Bar haut industriel"},"content":{"rendered":"","protected":false},"excerpt":{"rendered":"<p>Apportez <strong>style<\/strong> et authenticit\u00e9 \u00e0 votre int\u00e9rieur avec le <strong>bar haut r\u00e9glable<\/strong> en ch\u00eane massif et pied en fonte au design industriel.<\/p>","protected":false},"featured_media":27918,"template":"","meta":{"_acf_changed":false,"site-sidebar-layout":"default","site-content-layout":"","ast-site-content-layout":"default","site-content-style":"default","site-sidebar-style":"default","ast-global-header-display":"","ast-banner-title-visibility":"","ast-main-header-display":"","ast-hfb-above-header-display":"","ast-hfb-below-header-display":"","ast-hfb-mobile-header-display":"","site-post-title":"","ast-breadcrumbs-content":"","ast-featured-img":"","footer-sml-layout":"","ast-disable-related-posts":"","theme-transparent-header-meta":"default","adv-header-id-meta":"","stick-header-meta":"default","header-above-stick-meta":"","header-main-stick-meta":"","header-below-stick-meta":"","astra-migrate-meta-layouts":"set","ast-page-background-enabled":"default","ast-page-background-meta":{"desktop":{"background-color":"var(--ast-global-color-4)","background-image":"","background-repeat":"repeat","background-position":"center center","background-size":"auto","background-attachment":"scroll","background-type":"","background-media":"","overlay-type":"","overlay-color":"","overlay-opacity":"","overlay-gradient":""},"tablet":{"background-color":"","background-image":"","background-repeat":"repeat","background-position":"center center","background-size":"auto","background-attachment":"scroll","background-type":"","background-media":"","overlay-type":"","overlay-color":"","overlay-opacity":"","overlay-gradient":""},"mobile":{"background-color":"","background-image":"","background-repeat":"repeat","background-position":"center center","background-size":"auto","background-attachment":"scroll","background-type":"","background-media":"","overlay-type":"","overlay-color":"","overlay-opacity":"","overlay-gradient":""}},"ast-content-background-meta":{"desktop":{"background-color":"var(--ast-global-color-5)","background-image":"","background-repeat":"repeat","background-position":"center center","background-size":"auto","background-attachment":"scroll","background-type":"","background-media":"","overlay-type":"","overlay-color":"","overlay-opacity":"","overlay-gradient":""},"tablet":{"background-color":"var(--ast-global-color-5)","background-image":"","background-repeat":"repeat","background-position":"center center","background-size":"auto","background-attachment":"scroll","background-type":"","background-media":"","overlay-type":"","overlay-color":"","overlay-opacity":"","overlay-gradient":""},"mobile":{"background-color":"var(--ast-global-color-5)","background-image":"","background-repeat":"repeat","background-position":"center center","background-size":"auto","background-attachment":"scroll","background-type":"","background-media":"","overlay-type":"","overlay-color":"","overlay-opacity":"","overlay-gradient":""}}},"product_brand":[],"product_cat":[20],"product_tag":[],"class_list":{"0":"post-27884","1":"product","2":"type-product","3":"status-publish","4":"has-post-thumbnail","6":"product_cat-mobilier","7":"desktop-align-left","8":"tablet-align-left","9":"mobile-align-left","10":"ast-product-gallery-layout-first-image-large","11":"ast-magnify-disabled","12":"ast-product-single-variable","14":"first","15":"instock","16":"taxable","17":"shipping-taxable","18":"purchasable","19":"product-type-variable"},"acf":[],"_links":{"self":[{"href":"https:\/\/www.vitadeco.com\/en\/wp-json\/wp\/v2\/product\/27884","targetHints":{"allow":["GET"]}}],"collection":[{"href":"https:\/\/www.vitadeco.com\/en\/wp-json\/wp\/v2\/product"}],"about":[{"href":"https:\/\/www.vitadeco.com\/en\/wp-json\/wp\/v2\/types\/product"}],"version-history":[{"count":0,"href":"https:\/\/www.vitadeco.com\/en\/wp-json\/wp\/v2\/product\/27884\/revisions"}],"wp:featuredmedia":[{"embeddable":true,"href":"https:\/\/www.vitadeco.com\/en\/wp-json\/wp\/v2\/media\/27918"}],"wp:attachment":[{"href":"https:\/\/www.vitadeco.com\/en\/wp-json\/wp\/v2\/media?parent=27884"}],"wp:term":[{"taxonomy":"product_brand","embeddable":true,"href":"https:\/\/www.vitadeco.com\/en\/wp-json\/wp\/v2\/product_brand?post=27884"},{"taxonomy":"product_cat","embeddable":true,"href":"https:\/\/www.vitadeco.com\/en\/wp-json\/wp\/v2\/product_cat?post=27884"},{"taxonomy":"product_tag","embeddable":true,"href":"https:\/\/www.vitadeco.com\/en\/wp-json\/wp\/v2\/product_tag?post=27884"}],"curies":[{"name":"wp","href":"https:\/\/api.w.org\/{rel}","templated":true}]}}