{"id":2548,"date":"2024-11-19T12:13:33","date_gmt":"2024-11-19T11:13:33","guid":{"rendered":"https:\/\/new.vitadeco.com\/?post_type=product&#038;p=2548"},"modified":"2025-10-20T17:21:35","modified_gmt":"2025-10-20T15:21:35","slug":"chaise-marcel-cognac","status":"publish","type":"product","link":"https:\/\/www.vitadeco.com\/en\/produits\/chaises\/chaise-marcel-cognac\/","title":{"rendered":"Chaise Marcel cognac"},"content":{"rendered":"","protected":false},"excerpt":{"rendered":"<p>Sublimez votre int\u00e9rieur avec le <strong>design \u00e9l\u00e9gant<\/strong> de la chaise de salle \u00e0 manger en cuir marbr\u00e9 cognac. Ainsi, elle devient la pi\u00e8ce forte de votre d\u00e9coration tout en offrant un confort exceptionnel au quotidien.<\/p>","protected":false},"featured_media":807,"template":"","meta":{"_acf_changed":false,"site-sidebar-layout":"default","site-content-layout":"","ast-site-content-layout":"default","site-content-style":"default","site-sidebar-style":"default","ast-global-header-display":"","ast-banner-title-visibility":"","ast-main-header-display":"","ast-hfb-above-header-display":"","ast-hfb-below-header-display":"","ast-hfb-mobile-header-display":"","site-post-title":"","ast-breadcrumbs-content":"","ast-featured-img":"","footer-sml-layout":"","ast-disable-related-posts":"","theme-transparent-header-meta":"default","adv-header-id-meta":"","stick-header-meta":"default","header-above-stick-meta":"","header-main-stick-meta":"","header-below-stick-meta":"","astra-migrate-meta-layouts":"set","ast-page-background-enabled":"default","ast-page-background-meta":{"desktop":{"background-color":"var(--ast-global-color-4)","background-image":"","background-repeat":"repeat","background-position":"center center","background-size":"auto","background-attachment":"scroll","background-type":"","background-media":"","overlay-type":"","overlay-color":"","overlay-opacity":"","overlay-gradient":""},"tablet":{"background-color":"","background-image":"","background-repeat":"repeat","background-position":"center center","background-size":"auto","background-attachment":"scroll","background-type":"","background-media":"","overlay-type":"","overlay-color":"","overlay-opacity":"","overlay-gradient":""},"mobile":{"background-color":"","background-image":"","background-repeat":"repeat","background-position":"center center","background-size":"auto","background-attachment":"scroll","background-type":"","background-media":"","overlay-type":"","overlay-color":"","overlay-opacity":"","overlay-gradient":""}},"ast-content-background-meta":{"desktop":{"background-color":"var(--ast-global-color-5)","background-image":"","background-repeat":"repeat","background-position":"center center","background-size":"auto","background-attachment":"scroll","background-type":"","background-media":"","overlay-type":"","overlay-color":"","overlay-opacity":"","overlay-gradient":""},"tablet":{"background-color":"var(--ast-global-color-5)","background-image":"","background-repeat":"repeat","background-position":"center center","background-size":"auto","background-attachment":"scroll","background-type":"","background-media":"","overlay-type":"","overlay-color":"","overlay-opacity":"","overlay-gradient":""},"mobile":{"background-color":"var(--ast-global-color-5)","background-image":"","background-repeat":"repeat","background-position":"center center","background-size":"auto","background-attachment":"scroll","background-type":"","background-media":"","overlay-type":"","overlay-color":"","overlay-opacity":"","overlay-gradient":""}}},"product_brand":[],"product_cat":[19],"product_tag":[],"class_list":{"0":"post-2548","1":"product","2":"type-product","3":"status-publish","4":"has-post-thumbnail","6":"product_cat-chaises","7":"desktop-align-left","8":"tablet-align-left","9":"mobile-align-left","10":"ast-product-gallery-layout-first-image-large","11":"ast-magnify-disabled","13":"first","14":"instock","15":"taxable","16":"shipping-taxable","17":"purchasable","18":"product-type-simple"},"acf":[],"_links":{"self":[{"href":"https:\/\/www.vitadeco.com\/en\/wp-json\/wp\/v2\/product\/2548","targetHints":{"allow":["GET"]}}],"collection":[{"href":"https:\/\/www.vitadeco.com\/en\/wp-json\/wp\/v2\/product"}],"about":[{"href":"https:\/\/www.vitadeco.com\/en\/wp-json\/wp\/v2\/types\/product"}],"version-history":[{"count":0,"href":"https:\/\/www.vitadeco.com\/en\/wp-json\/wp\/v2\/product\/2548\/revisions"}],"wp:featuredmedia":[{"embeddable":true,"href":"https:\/\/www.vitadeco.com\/en\/wp-json\/wp\/v2\/media\/807"}],"wp:attachment":[{"href":"https:\/\/www.vitadeco.com\/en\/wp-json\/wp\/v2\/media?parent=2548"}],"wp:term":[{"taxonomy":"product_brand","embeddable":true,"href":"https:\/\/www.vitadeco.com\/en\/wp-json\/wp\/v2\/product_brand?post=2548"},{"taxonomy":"product_cat","embeddable":true,"href":"https:\/\/www.vitadeco.com\/en\/wp-json\/wp\/v2\/product_cat?post=2548"},{"taxonomy":"product_tag","embeddable":true,"href":"https:\/\/www.vitadeco.com\/en\/wp-json\/wp\/v2\/product_tag?post=2548"}],"curies":[{"name":"wp","href":"https:\/\/api.w.org\/{rel}","templated":true}]}}